{"id":3193,"date":"2025-11-20T01:02:52","date_gmt":"2025-11-20T06:02:52","guid":{"rendered":"https:\/\/tutiendameraki.com\/?post_type=product&#038;p=3193"},"modified":"2025-11-20T01:58:53","modified_gmt":"2025-11-20T06:58:53","slug":"maxisaco-unicolor","status":"publish","type":"product","link":"https:\/\/tutiendameraki.com\/index.php\/producto\/maxisaco-unicolor\/","title":{"rendered":"Maxisaco Unicolor"},"content":{"rendered":"<p data-start=\"178\" data-end=\"408\">Si eres de los que siempre tienen fr\u00edo, este maxisaco se va a volver tu \u201cuniforme\u201d favorito en casa \ud83d\ude0c\u2744\ufe0f<br data-start=\"282\" data-end=\"285\" \/>Est\u00e1 pensado para pon\u00e9rtelo encima de la ropa, moverte con libertad y seguir sinti\u00e9ndote como envuelto en una cobija suave.<\/p>\n<p data-start=\"410\" data-end=\"643\">Tiene <strong data-start=\"416\" data-end=\"426\">capota<\/strong>, <strong data-start=\"428\" data-end=\"461\">bolsillo frontal tipo canguro<\/strong> (para manos, control, celular o snacks \ud83d\ude4a) y telas peluditas por dentro y por fuera tipo piel de conejo y ovejero, que ayudan a mantener el calor y se sienten deliciosas al tacto.<\/p>\n<p data-start=\"645\" data-end=\"762\">En las <strong data-start=\"652\" data-end=\"681\">mangas tiene pu\u00f1os en rib<\/strong>, para que se ajusten mejor a tu mu\u00f1eca y no se suban ni deje entrar el fr\u00edo \ud83d\udcaa\ud83e\udde4<\/p>\n<h3 data-start=\"769\" data-end=\"793\">Medidas \ud83d\udccf<\/h3>\n<p data-start=\"795\" data-end=\"902\">Aunque es <strong data-start=\"805\" data-end=\"820\">talla \u00fanica<\/strong>, est\u00e1 dise\u00f1ado para que se vea amplio y c\u00f3modo en diferentes cuerpos y alturas.<\/p>\n<p data-start=\"904\" data-end=\"922\">Aproximadamente:<\/p>\n<ul data-start=\"923\" data-end=\"1041\">\n<li data-start=\"923\" data-end=\"943\">\n<p data-start=\"925\" data-end=\"943\"><strong data-start=\"925\" data-end=\"935\">Ancho:<\/strong> 90 cm<\/p>\n<\/li>\n<li data-start=\"944\" data-end=\"965\">\n<p data-start=\"946\" data-end=\"965\"><strong data-start=\"946\" data-end=\"956\">Largo:<\/strong> 100 cm<\/p>\n<\/li>\n<li data-start=\"966\" data-end=\"986\">\n<p data-start=\"968\" data-end=\"986\"><strong data-start=\"968\" data-end=\"978\">Manga:<\/strong> 64 cm<\/p>\n<\/li>\n<li data-start=\"987\" data-end=\"1009\">\n<p data-start=\"989\" data-end=\"1009\"><strong data-start=\"989\" data-end=\"1001\">Capucha:<\/strong> 35 cm<\/p>\n<\/li>\n<li data-start=\"1010\" data-end=\"1041\">\n<p data-start=\"1012\" data-end=\"1041\"><strong data-start=\"1012\" data-end=\"1032\">Contorno:<\/strong> 180 cm<\/p>\n<\/li>\n<\/ul>\n<p data-start=\"1043\" data-end=\"1153\">Se adapta s\u00faper bien desde personas que usan <strong data-start=\"1088\" data-end=\"1110\">talla S hasta XXXL<\/strong>, manteniendo siempre el efecto oversize \ud83e\udd17<\/p>\n<p><img fetchpriority=\"high\" decoding=\"async\" class=\" wp-image-3394 aligncenter\" src=\"http:\/\/tutiendameraki.com\/wp-content\/uploads\/2025\/11\/64-CM-30-x-42-cm-2-1-251x300.jpg\" alt=\"\" width=\"407\" height=\"486\" srcset=\"https:\/\/tutiendameraki.com\/wp-content\/uploads\/2025\/11\/64-CM-30-x-42-cm-2-1-251x300.jpg 251w, https:\/\/tutiendameraki.com\/wp-content\/uploads\/2025\/11\/64-CM-30-x-42-cm-2-1-856x1024.jpg 856w, https:\/\/tutiendameraki.com\/wp-content\/uploads\/2025\/11\/64-CM-30-x-42-cm-2-1-768x919.jpg 768w, https:\/\/tutiendameraki.com\/wp-content\/uploads\/2025\/11\/64-CM-30-x-42-cm-2-1-1284x1536.jpg 1284w, https:\/\/tutiendameraki.com\/wp-content\/uploads\/2025\/11\/64-CM-30-x-42-cm-2-1-1712x2048.jpg 1712w, https:\/\/tutiendameraki.com\/wp-content\/uploads\/2025\/11\/64-CM-30-x-42-cm-2-1-600x718.jpg 600w\" sizes=\"(max-width: 407px) 100vw, 407px\" \/><\/p>\n<h3 data-start=\"1249\" data-end=\"1284\">Caracter\u00edsticas principales \u2b50<\/h3>\n<ul data-start=\"1286\" data-end=\"1648\">\n<li data-start=\"1286\" data-end=\"1353\">\n<p data-start=\"1288\" data-end=\"1353\">Tela <strong data-start=\"1293\" data-end=\"1308\">ultra suave<\/strong>, ideal para estar c\u00f3modo todo el d\u00eda \ud83d\udc86\u200d\u2640\ufe0f<\/p>\n<\/li>\n<li data-start=\"1354\" data-end=\"1407\">\n<p data-start=\"1356\" data-end=\"1407\">Efecto <strong data-start=\"1363\" data-end=\"1374\">t\u00e9rmico<\/strong>, perfecto para climas fr\u00edos \u2744\ufe0f<\/p>\n<\/li>\n<li data-start=\"1408\" data-end=\"1470\">\n<p data-start=\"1410\" data-end=\"1470\">Silueta <strong data-start=\"1418\" data-end=\"1444\">extragrande \/ oversize<\/strong> para moverte libremente<\/p>\n<\/li>\n<li data-start=\"1471\" data-end=\"1536\">\n<p data-start=\"1473\" data-end=\"1536\"><strong data-start=\"1473\" data-end=\"1483\">Unisex<\/strong>: lo puede usar quien quiera, sin reglas \ud83d\ude4b\u200d\u2640\ufe0f\ud83d\ude4b\u200d\u2642\ufe0f<\/p>\n<\/li>\n<li data-start=\"1537\" data-end=\"1608\">\n<p data-start=\"1539\" data-end=\"1608\"><strong data-start=\"1539\" data-end=\"1554\">Talla \u00fanica<\/strong>: f\u00e1cil de regalar, no tienes que adivinar tallas \ud83c\udf81<\/p>\n<\/li>\n<li data-start=\"1609\" data-end=\"1648\">\n<p data-start=\"1611\" data-end=\"1648\">Hecho con amor en <strong data-start=\"1629\" data-end=\"1641\">Colombia.<\/strong><\/p>\n<\/li>\n<\/ul>\n<p><img decoding=\"async\" class=\" wp-image-3381 aligncenter\" src=\"http:\/\/tutiendameraki.com\/wp-content\/uploads\/2025\/11\/IMG_7705-300x300.jpg\" alt=\"\" width=\"436\" height=\"436\" srcset=\"https:\/\/tutiendameraki.com\/wp-content\/uploads\/2025\/11\/IMG_7705-300x300.jpg 300w, https:\/\/tutiendameraki.com\/wp-content\/uploads\/2025\/11\/IMG_7705-150x150.jpg 150w, https:\/\/tutiendameraki.com\/wp-content\/uploads\/2025\/11\/IMG_7705-768x768.jpg 768w, https:\/\/tutiendameraki.com\/wp-content\/uploads\/2025\/11\/IMG_7705-600x600.jpg 600w, https:\/\/tutiendameraki.com\/wp-content\/uploads\/2025\/11\/IMG_7705-100x100.jpg 100w, https:\/\/tutiendameraki.com\/wp-content\/uploads\/2025\/11\/IMG_7705-50x50.jpg 50w, https:\/\/tutiendameraki.com\/wp-content\/uploads\/2025\/11\/IMG_7705.jpg 1024w\" sizes=\"(max-width: 436px) 100vw, 436px\" \/><\/p>\n<h3 data-start=\"1776\" data-end=\"1813\">Momentos ideales para usarlo \ud83d\udc9c<\/h3>\n<ul data-start=\"1815\" data-end=\"2059\">\n<li data-start=\"1815\" data-end=\"1851\">\n<p data-start=\"1817\" data-end=\"1851\">Ver series o pelis en el sof\u00e1 \ud83c\udfac<\/p>\n<\/li>\n<li data-start=\"1852\" data-end=\"1906\">\n<p data-start=\"1854\" data-end=\"1906\">Trabajar o estudiar desde casa sin pasar fr\u00edo \ud83d\udcbb\ud83d\udcda<\/p>\n<\/li>\n<li data-start=\"1907\" data-end=\"1945\">\n<p data-start=\"1909\" data-end=\"1945\">Ma\u00f1anas fr\u00edas o noches lluviosas \u2614<\/p>\n<\/li>\n<li data-start=\"1946\" data-end=\"2000\">\n<p data-start=\"1948\" data-end=\"2000\">Viajes a finca, camping o escapadas de descanso \ud83c\udf32<\/p>\n<\/li>\n<li data-start=\"2001\" data-end=\"2059\">\n<p data-start=\"2003\" data-end=\"2059\">Regalo perfecto para esa persona friolenta que amas \ud83e\udd70<\/p>\n<\/li>\n<\/ul>\n<p>&nbsp;<\/p>\n<h3 data-start=\"2066\" data-end=\"2083\">Cuidados \ud83e\uddfa<\/h3>\n<ul data-start=\"2085\" data-end=\"2230\">\n<li data-start=\"2085\" data-end=\"2131\">\n<p data-start=\"2087\" data-end=\"2131\">Lavar a mano o en lavadora en ciclo suave.<\/p>\n<\/li>\n<li data-start=\"2132\" data-end=\"2159\">\n<p data-start=\"2134\" data-end=\"2159\">Usar agua fr\u00eda o tibia.<\/p>\n<\/li>\n<li data-start=\"2160\" data-end=\"2184\">\n<p data-start=\"2162\" data-end=\"2184\">No usar blanqueador.<\/p>\n<\/li>\n<li data-start=\"2185\" data-end=\"2230\">\n<p data-start=\"2187\" data-end=\"2230\">Secar a la sombra y no planchar.<\/p>\n<\/li>\n<\/ul>\n","protected":false},"excerpt":{"rendered":"<p>Abr\u00edgate con nuestro maxisaco ultrac\u00f3modo y s\u00faper calientico \ud83e\uddf8\u2728.<br \/>\nEs doble faz, oversize, unisex, talla \u00fanica, con capota, bolsillo frontal s\u00faper amplio tipo canguro, la tela es tipo piel de conejo por fuera y ovejero por dentro (o viceversa \ud83d\ude0f).<br \/>\nPerfecto para descansar, ver pelis o trabajar en casa con el m\u00e1ximo confort \ud83d\udecb\ufe0f\ud83d\udca4.<br \/>\nSe adapta perfecto desde talla S hasta XXXL \ud83d\udc4c\ud83d\udcab.<\/p>\n","protected":false},"featured_media":3241,"template":"","meta":{"site-sidebar-layout":"default","site-content-layout":"","ast-site-content-layout":"default","site-content-style":"default","site-sidebar-style":"default","ast-global-header-display":"","ast-banner-title-visibility":"","ast-main-header-display":"","ast-hfb-above-header-display":"","ast-hfb-below-header-display":"","ast-hfb-mobile-header-display":"","site-post-title":"","ast-breadcrumbs-content":"","ast-featured-img":"","footer-sml-layout":"","ast-disable-related-posts":"","theme-transparent-header-meta":"default","adv-header-id-meta":"","stick-header-meta":"default","header-above-stick-meta":"","header-main-stick-meta":"","header-below-stick-meta":"","astra-migrate-meta-layouts":"set","ast-page-background-enabled":"default","ast-page-background-meta":{"desktop":{"background-color":"var(--ast-global-color-4)","background-image":"","background-repeat":"repeat","background-position":"center center","background-size":"auto","background-attachment":"scroll","background-type":"","background-media":"","overlay-type":"","overlay-color":"","overlay-opacity":"","overlay-gradient":""},"tablet":{"background-color":"","background-image":"","background-repeat":"repeat","background-position":"center center","background-size":"auto","background-attachment":"scroll","background-type":"","background-media":"","overlay-type":"","overlay-color":"","overlay-opacity":"","overlay-gradient":""},"mobile":{"background-color":"","background-image":"","background-repeat":"repeat","background-position":"center center","background-size":"auto","background-attachment":"scroll","background-type":"","background-media":"","overlay-type":"","overlay-color":"","overlay-opacity":"","overlay-gradient":""}},"ast-content-background-meta":{"desktop":{"background-color":"var(--ast-global-color-5)","background-image":"","background-repeat":"repeat","background-position":"center center","background-size":"auto","background-attachment":"scroll","background-type":"","background-media":"","overlay-type":"","overlay-color":"","overlay-opacity":"","overlay-gradient":""},"tablet":{"background-color":"var(--ast-global-color-5)","background-image":"","background-repeat":"repeat","background-position":"center center","background-size":"auto","background-attachment":"scroll","background-type":"","background-media":"","overlay-type":"","overlay-color":"","overlay-opacity":"","overlay-gradient":""},"mobile":{"background-color":"var(--ast-global-color-5)","background-image":"","background-repeat":"repeat","background-position":"center center","background-size":"auto","background-attachment":"scroll","background-type":"","background-media":"","overlay-type":"","overlay-color":"","overlay-opacity":"","overlay-gradient":""}}},"product_brand":[],"product_cat":[15],"product_tag":[86],"class_list":{"0":"post-3193","1":"product","2":"type-product","3":"status-publish","4":"has-post-thumbnail","6":"product_cat-maxisacos","7":"product_tag-maxisaco","8":"pa_color-azul-oscuro","9":"pa_color-azul-rey","10":"pa_color-chocolate","11":"pa_color-gris","12":"pa_color-gris-oscuro","13":"pa_color-tabaco","14":"pa_color-vaca","15":"pa_color-verde-esmeralda","16":"pa_color-vinotinto","17":"pa_color-beige","18":"pa_color-lila","19":"pa_color-morado","20":"pa_color-negro","21":"pa_color-rosado","22":"pa_color-verde-menta","23":"desktop-align-left","24":"tablet-align-left","25":"mobile-align-left","26":"ast-product-gallery-layout-horizontal-slider","27":"ast-product-single-variable","28":"ast-product-tabs-layout-horizontal","30":"first","31":"instock","32":"featured","33":"shipping-taxable","34":"purchasable","35":"product-type-variable"},"jetpack_sharing_enabled":true,"_links":{"self":[{"href":"https:\/\/tutiendameraki.com\/index.php\/wp-json\/wp\/v2\/product\/3193","targetHints":{"allow":["GET"]}}],"collection":[{"href":"https:\/\/tutiendameraki.com\/index.php\/wp-json\/wp\/v2\/product"}],"about":[{"href":"https:\/\/tutiendameraki.com\/index.php\/wp-json\/wp\/v2\/types\/product"}],"version-history":[{"count":8,"href":"https:\/\/tutiendameraki.com\/index.php\/wp-json\/wp\/v2\/product\/3193\/revisions"}],"predecessor-version":[{"id":3429,"href":"https:\/\/tutiendameraki.com\/index.php\/wp-json\/wp\/v2\/product\/3193\/revisions\/3429"}],"wp:featuredmedia":[{"embeddable":true,"href":"https:\/\/tutiendameraki.com\/index.php\/wp-json\/wp\/v2\/media\/3241"}],"wp:attachment":[{"href":"https:\/\/tutiendameraki.com\/index.php\/wp-json\/wp\/v2\/media?parent=3193"}],"wp:term":[{"taxonomy":"product_brand","embeddable":true,"href":"https:\/\/tutiendameraki.com\/index.php\/wp-json\/wp\/v2\/product_brand?post=3193"},{"taxonomy":"product_cat","embeddable":true,"href":"https:\/\/tutiendameraki.com\/index.php\/wp-json\/wp\/v2\/product_cat?post=3193"},{"taxonomy":"product_tag","embeddable":true,"href":"https:\/\/tutiendameraki.com\/index.php\/wp-json\/wp\/v2\/product_tag?post=3193"}],"curies":[{"name":"wp","href":"https:\/\/api.w.org\/{rel}","templated":true}]}}