{"id":2317,"date":"2024-09-03T11:26:31","date_gmt":"2024-09-03T16:26:31","guid":{"rendered":"https:\/\/tutiendameraki.com\/?post_type=product&#038;p=2317"},"modified":"2025-11-28T11:50:01","modified_gmt":"2025-11-28T16:50:01","slug":"torre-pocillos-tinteros-gaticos","status":"publish","type":"product","link":"https:\/\/tutiendameraki.com\/index.php\/producto\/torre-pocillos-tinteros-gaticos\/","title":{"rendered":"Torre Pocillos Tinteros Gaticos"},"content":{"rendered":"<p>\ud83e\ude94 Estos pocillos de excelente calidad son estar fabricados con materiales de primera calidad, cer\u00e1mica de alta calidad y el soporte es en acero inoxidable. Estos materiales no solo ofrecen durabilidad, sino que tambi\u00e9n contribuyen a la est\u00e9tica elegante del set.<\/p>\n<p><img decoding=\"async\" src=\"https:\/\/media.giphy.com\/media\/v1.Y2lkPTc5MGI3NjExMzFidHkwaTduYzJvcHN6anFhczVxY2x4Z3FrYjc0ZXV4NjkyY3I3aCZlcD12MV9pbnRlcm5hbF9naWZfYnlfaWQmY3Q9Zw\/aVIDKOAUndKzQir6Um\/giphy.gif\" \/><\/p>\n<p>&nbsp;<\/p>\n<p>\ud83c\udf31 Vers\u00e1tiles, pueden adaptarse a una variedad de bebidas y ocasiones. Esto significa que los pocillos pueden ser lo suficientemente grandes para una taza de caf\u00e9, chocolate o t\u00e9.<\/p>\n<p><img decoding=\"async\" src=\"https:\/\/media.giphy.com\/media\/v1.Y2lkPTc5MGI3NjExeG1xenpjd25pc2J6cHVybTBzajYwcHR4OGZkdWNrMzVvNzIxZ3ZqaiZlcD12MV9pbnRlcm5hbF9naWZfYnlfaWQmY3Q9Zw\/d1MYNyJNv1vE5W3y7e\/giphy.gif\" \/><\/p>\n<p>&nbsp;<\/p>\n<p>\ud83d\udc4c Adem\u00e1s de la calidad de los materiales y el dise\u00f1o, este set de pocillos de alta calidad viene presentado de manera cuidada y elegante.<\/p>\n<p><img decoding=\"async\" src=\"https:\/\/media.giphy.com\/media\/v1.Y2lkPTc5MGI3NjExYXl2ejdpYXhycXgxYmNodmpmanRpNmtoY2x6MXc3bmM2dXRjYXRmbiZlcD12MV9pbnRlcm5hbF9naWZfYnlfaWQmY3Q9Zw\/8cN6wDcWdzEGBsIRya\/giphy-downsized-large.gif\" \/><\/p>\n<p>\u2615\ufe0f En resumen, este set de pocillos de excelente calidad combina materiales premium, un dise\u00f1o refinado, funcionalidad, versatilidad y una presentaci\u00f3n cuidada para ofrecer una experiencia de degustaci\u00f3n completa y satisfactoria.<\/p>\n<p><img decoding=\"async\" src=\"https:\/\/media.giphy.com\/media\/v1.Y2lkPTc5MGI3NjExbjNnZHJpanViY2g1emZoc2p0eG0ybnRhb3NxbHdhbDJjN2VmbHZ6dyZlcD12MV9pbnRlcm5hbF9naWZfYnlfaWQmY3Q9Zw\/GUFgdlnA9djC2RgJgB\/giphy.gif\" \/><\/p>\n","protected":false},"excerpt":{"rendered":"<p>\ud83d\udc4c Set pocillos tinteros X4.<\/p>\n<p>\ud83e\ude94 Cer\u00e1mica importada.<\/p>\n<p>\ud83d\ude3b Motivo Gaticos.<\/p>\n<p>\ud83d\udd27\u00a0Soporte en acero inoxidable.<\/p>\n","protected":false},"featured_media":1840,"template":"","meta":{"site-sidebar-layout":"default","site-content-layout":"","ast-site-content-layout":"default","site-content-style":"default","site-sidebar-style":"default","ast-global-header-display":"","ast-banner-title-visibility":"","ast-main-header-display":"","ast-hfb-above-header-display":"","ast-hfb-below-header-display":"","ast-hfb-mobile-header-display":"","site-post-title":"","ast-breadcrumbs-content":"","ast-featured-img":"","footer-sml-layout":"","ast-disable-related-posts":"","theme-transparent-header-meta":"default","adv-header-id-meta":"","stick-header-meta":"default","header-above-stick-meta":"","header-main-stick-meta":"","header-below-stick-meta":"","astra-migrate-meta-layouts":"set","ast-page-background-enabled":"default","ast-page-background-meta":{"desktop":{"background-color":"var(--ast-global-color-4)","background-image":"","background-repeat":"repeat","background-position":"center center","background-size":"auto","background-attachment":"scroll","background-type":"","background-media":"","overlay-type":"","overlay-color":"","overlay-opacity":"","overlay-gradient":""},"tablet":{"background-color":"","background-image":"","background-repeat":"repeat","background-position":"center center","background-size":"auto","background-attachment":"scroll","background-type":"","background-media":"","overlay-type":"","overlay-color":"","overlay-opacity":"","overlay-gradient":""},"mobile":{"background-color":"","background-image":"","background-repeat":"repeat","background-position":"center center","background-size":"auto","background-attachment":"scroll","background-type":"","background-media":"","overlay-type":"","overlay-color":"","overlay-opacity":"","overlay-gradient":""}},"ast-content-background-meta":{"desktop":{"background-color":"var(--ast-global-color-5)","background-image":"","background-repeat":"repeat","background-position":"center center","background-size":"auto","background-attachment":"scroll","background-type":"","background-media":"","overlay-type":"","overlay-color":"","overlay-opacity":"","overlay-gradient":""},"tablet":{"background-color":"var(--ast-global-color-5)","background-image":"","background-repeat":"repeat","background-position":"center center","background-size":"auto","background-attachment":"scroll","background-type":"","background-media":"","overlay-type":"","overlay-color":"","overlay-opacity":"","overlay-gradient":""},"mobile":{"background-color":"var(--ast-global-color-5)","background-image":"","background-repeat":"repeat","background-position":"center center","background-size":"auto","background-attachment":"scroll","background-type":"","background-media":"","overlay-type":"","overlay-color":"","overlay-opacity":"","overlay-gradient":""}}},"product_brand":[],"product_cat":[36],"product_tag":[],"class_list":{"0":"post-2317","1":"product","2":"type-product","3":"status-publish","4":"has-post-thumbnail","6":"product_cat-hogar","7":"pa_color-blanco","8":"desktop-align-left","9":"tablet-align-left","10":"mobile-align-left","11":"ast-product-gallery-layout-horizontal-slider","12":"ast-product-tabs-layout-horizontal","14":"first","15":"instock","16":"sale","17":"featured","18":"shipping-taxable","19":"purchasable","20":"product-type-simple"},"jetpack_sharing_enabled":true,"_links":{"self":[{"href":"https:\/\/tutiendameraki.com\/index.php\/wp-json\/wp\/v2\/product\/2317","targetHints":{"allow":["GET"]}}],"collection":[{"href":"https:\/\/tutiendameraki.com\/index.php\/wp-json\/wp\/v2\/product"}],"about":[{"href":"https:\/\/tutiendameraki.com\/index.php\/wp-json\/wp\/v2\/types\/product"}],"version-history":[{"count":7,"href":"https:\/\/tutiendameraki.com\/index.php\/wp-json\/wp\/v2\/product\/2317\/revisions"}],"predecessor-version":[{"id":3252,"href":"https:\/\/tutiendameraki.com\/index.php\/wp-json\/wp\/v2\/product\/2317\/revisions\/3252"}],"wp:featuredmedia":[{"embeddable":true,"href":"https:\/\/tutiendameraki.com\/index.php\/wp-json\/wp\/v2\/media\/1840"}],"wp:attachment":[{"href":"https:\/\/tutiendameraki.com\/index.php\/wp-json\/wp\/v2\/media?parent=2317"}],"wp:term":[{"taxonomy":"product_brand","embeddable":true,"href":"https:\/\/tutiendameraki.com\/index.php\/wp-json\/wp\/v2\/product_brand?post=2317"},{"taxonomy":"product_cat","embeddable":true,"href":"https:\/\/tutiendameraki.com\/index.php\/wp-json\/wp\/v2\/product_cat?post=2317"},{"taxonomy":"product_tag","embeddable":true,"href":"https:\/\/tutiendameraki.com\/index.php\/wp-json\/wp\/v2\/product_tag?post=2317"}],"curies":[{"name":"wp","href":"https:\/\/api.w.org\/{rel}","templated":true}]}}