{"id":1778,"date":"2024-09-03T11:56:54","date_gmt":"2024-09-03T16:56:54","guid":{"rendered":"https:\/\/tutiendameraki.com\/?post_type=product&#038;p=1778"},"modified":"2025-11-28T12:58:39","modified_gmt":"2025-11-28T17:58:39","slug":"chanclas-hebilla","status":"publish","type":"product","link":"https:\/\/tutiendameraki.com\/index.php\/producto\/chanclas-hebilla\/","title":{"rendered":"Chanclas Hebilla"},"content":{"rendered":"<h3 style=\"text-align: center;\"><span style=\"color: #3f2681;\">FLEXIBLES<\/span><\/h3>\n<h5 style=\"text-align: center;\"><img decoding=\"async\" class=\"emoji\" role=\"img\" src=\"https:\/\/s.w.org\/images\/core\/emoji\/14.0.0\/svg\/1f636-200d-1f32b-fe0f.svg\" alt=\"\ud83d\ude36\u200d\ud83c\udf2b\ufe0f\" \/>\u00a0Dejar\u00e1s de preocuparte por la rigidez y disfrutar\u00e1s de la comodidad en tus pies.<\/h5>\n<p>&nbsp;<\/p>\n<p>https:\/\/giphy.com\/gifs\/ohxnTeRhAeg7nQqaHv<\/p>\n<h3><\/h3>\n<h3 style=\"text-align: center;\"><span style=\"color: #3f2681;\">CONFORT<\/span><\/h3>\n<h5>\ud83e\udd47\u00a0Gracias a su material y ergonom\u00eda, te dar\u00e1n un descanso inigualable al caminar reduciendo la f\u00e1tiga muscular y dolores.<\/h5>\n<p>&nbsp;<\/p>\n<p>https:\/\/giphy.com\/gifs\/OfHCLQWrDwE2I3jKd6<\/p>\n<h3><\/h3>\n<h3 style=\"text-align: center;\"><span style=\"color: #3f2681;\">HERMOSO ESTILO<\/span><\/h3>\n<h5>\ud83c\udf05\u00a0C\u00f3mo ninguna otra!, con su hebilla le da un toque casual, perfectas para interiores y exteriores. Podr\u00e1s usarlas donde quieras!.<\/h5>\n<p>&nbsp;<\/p>\n<p>https:\/\/giphy.com\/gifs\/D5ptVdsAzvVvo8THXM<\/p>\n<h3 style=\"text-align: center;\"><span style=\"color: #3f2681;\">ESCOGE LAS TUYAS!<\/span><\/h3>\n","protected":false},"excerpt":{"rendered":"<p>\u2705 Excelente Calidad<br \/>\n\ud83d\udd25 Antideslizantes.<br \/>\n\ud83e\udd73 Ultralivianas.<br \/>\n\ud83e\udd29 Suela gruesa sin impacto.<\/p>\n","protected":false},"featured_media":2375,"template":"","meta":{"site-sidebar-layout":"default","site-content-layout":"","ast-site-content-layout":"default","site-content-style":"default","site-sidebar-style":"default","ast-global-header-display":"","ast-banner-title-visibility":"","ast-main-header-display":"","ast-hfb-above-header-display":"","ast-hfb-below-header-display":"","ast-hfb-mobile-header-display":"","site-post-title":"","ast-breadcrumbs-content":"","ast-featured-img":"","footer-sml-layout":"","ast-disable-related-posts":"","theme-transparent-header-meta":"default","adv-header-id-meta":"","stick-header-meta":"default","header-above-stick-meta":"","header-main-stick-meta":"","header-below-stick-meta":"","astra-migrate-meta-layouts":"set","ast-page-background-enabled":"default","ast-page-background-meta":{"desktop":{"background-color":"var(--ast-global-color-4)","background-image":"","background-repeat":"repeat","background-position":"center center","background-size":"auto","background-attachment":"scroll","background-type":"","background-media":"","overlay-type":"","overlay-color":"","overlay-opacity":"","overlay-gradient":""},"tablet":{"background-color":"","background-image":"","background-repeat":"repeat","background-position":"center center","background-size":"auto","background-attachment":"scroll","background-type":"","background-media":"","overlay-type":"","overlay-color":"","overlay-opacity":"","overlay-gradient":""},"mobile":{"background-color":"","background-image":"","background-repeat":"repeat","background-position":"center center","background-size":"auto","background-attachment":"scroll","background-type":"","background-media":"","overlay-type":"","overlay-color":"","overlay-opacity":"","overlay-gradient":""}},"ast-content-background-meta":{"desktop":{"background-color":"var(--ast-global-color-5)","background-image":"","background-repeat":"repeat","background-position":"center center","background-size":"auto","background-attachment":"scroll","background-type":"","background-media":"","overlay-type":"","overlay-color":"","overlay-opacity":"","overlay-gradient":""},"tablet":{"background-color":"var(--ast-global-color-5)","background-image":"","background-repeat":"repeat","background-position":"center center","background-size":"auto","background-attachment":"scroll","background-type":"","background-media":"","overlay-type":"","overlay-color":"","overlay-opacity":"","overlay-gradient":""},"mobile":{"background-color":"var(--ast-global-color-5)","background-image":"","background-repeat":"repeat","background-position":"center center","background-size":"auto","background-attachment":"scroll","background-type":"","background-media":"","overlay-type":"","overlay-color":"","overlay-opacity":"","overlay-gradient":""}}},"product_brand":[],"product_cat":[35],"product_tag":[],"class_list":{"0":"post-1778","1":"product","2":"type-product","3":"status-publish","4":"has-post-thumbnail","6":"product_cat-chanclas","7":"pa_color-curuba","8":"pa_color-lila","9":"pa_color-negro","10":"pa_color-blanco","11":"pa_talla-36-37","12":"pa_talla-38-39","13":"pa_talla-40-41","14":"desktop-align-left","15":"tablet-align-left","16":"mobile-align-left","17":"ast-product-gallery-layout-horizontal-slider","18":"ast-product-single-variable","19":"ast-product-tabs-layout-horizontal","21":"first","22":"instock","23":"sale","24":"featured","25":"shipping-taxable","26":"purchasable","27":"product-type-variable"},"jetpack_sharing_enabled":true,"_links":{"self":[{"href":"https:\/\/tutiendameraki.com\/index.php\/wp-json\/wp\/v2\/product\/1778","targetHints":{"allow":["GET"]}}],"collection":[{"href":"https:\/\/tutiendameraki.com\/index.php\/wp-json\/wp\/v2\/product"}],"about":[{"href":"https:\/\/tutiendameraki.com\/index.php\/wp-json\/wp\/v2\/types\/product"}],"version-history":[{"count":44,"href":"https:\/\/tutiendameraki.com\/index.php\/wp-json\/wp\/v2\/product\/1778\/revisions"}],"predecessor-version":[{"id":3249,"href":"https:\/\/tutiendameraki.com\/index.php\/wp-json\/wp\/v2\/product\/1778\/revisions\/3249"}],"wp:featuredmedia":[{"embeddable":true,"href":"https:\/\/tutiendameraki.com\/index.php\/wp-json\/wp\/v2\/media\/2375"}],"wp:attachment":[{"href":"https:\/\/tutiendameraki.com\/index.php\/wp-json\/wp\/v2\/media?parent=1778"}],"wp:term":[{"taxonomy":"product_brand","embeddable":true,"href":"https:\/\/tutiendameraki.com\/index.php\/wp-json\/wp\/v2\/product_brand?post=1778"},{"taxonomy":"product_cat","embeddable":true,"href":"https:\/\/tutiendameraki.com\/index.php\/wp-json\/wp\/v2\/product_cat?post=1778"},{"taxonomy":"product_tag","embeddable":true,"href":"https:\/\/tutiendameraki.com\/index.php\/wp-json\/wp\/v2\/product_tag?post=1778"}],"curies":[{"name":"wp","href":"https:\/\/api.w.org\/{rel}","templated":true}]}}