{"id":122,"date":"2024-09-03T14:12:05","date_gmt":"2024-09-03T19:12:05","guid":{"rendered":"https:\/\/tutiendameraki.com\/?post_type=product&#038;p=122"},"modified":"2025-11-19T20:03:24","modified_gmt":"2025-11-20T01:03:24","slug":"pantuflas-conejitas","status":"publish","type":"product","link":"https:\/\/tutiendameraki.com\/index.php\/producto\/pantuflas-conejitas\/","title":{"rendered":"Pantuflas Conejitas"},"content":{"rendered":"<h5>\ud83d\ude0d <span style=\"color: #3f2681;\">ESCOGE LAS TUYAS Y DISFRUTA DE LA M\u00c1XIMA COMODIDAD GRACIAS A ESTA FELPA DE ALTA CALIDAD!<\/span><\/h5>\n<p>&nbsp;<\/p>\n<p>https:\/\/giphy.com\/gifs\/WSOkFQGODK3am8vox1<\/p>\n<h5><\/h5>\n<h5>\ud83d\udcab\u00a0Suela Gruesa para Mayor Amortiguaci\u00f3n: Experimenta una pisada suave y c\u00f3moda con nuestra suela especialmente dise\u00f1ada.<\/h5>\n<p>&nbsp;<\/p>\n<h5><\/h5>\n<p>https:\/\/giphy.com\/gifs\/6aut47bDpDM65aRENi<\/p>\n<h5>\ud83d\udc63\u00a0Seguridad en Cada Paso: La suela antideslizante proporciona estabilidad, haciendo que cada paso sea seguro y confiable.<\/h5>\n<p>&nbsp;<\/p>\n<h5><\/h5>\n<p>https:\/\/giphy.com\/gifs\/8xt2j9pTmGEmogb8bB<\/p>\n<h5>\ud83d\udc30 La precisi\u00f3n en la costura y los materiales de alta calidad aseguran que estas pantuflas sean una inversi\u00f3n duradera. \ud83d\ude0a<\/h5>\n<p>&nbsp;<\/p>\n<p>https:\/\/giphy.com\/gifs\/b2Vl3KPBrse7CSLo98<\/p>\n<h5><\/h5>\n<h5>\ud83e\udd17\u00a0Transforma tus momentos de descanso con nuestras Pantuflas de Coneja. \u00a1Experimenta el confort hoy mismo!<\/h5>\n<p>&nbsp;<\/p>\n<h3 style=\"text-align: center;\"><span style=\"color: #3f2681;\">ESCOGE LAS TUYAS!<\/span><\/h3>\n","protected":false},"excerpt":{"rendered":"<p>\ud83d\udc30 Dise\u00f1o exclusivo de Conejita.<\/p>\n<p>\ud83e\udd17 Suela memory foam.<\/p>\n<p>\ud83d\udc63 Antideslizante.<\/p>\n<p>\ud83e\udeb6 <span style=\"font-size: 16px;\">Ultralivianas<\/span><span style=\"font-size: 16px;\">.<\/span><\/p>\n<p>\ud83c\udf2b\ufe0f Suela gruesa para comodidad sin impacto.<\/p>\n<p>\ud83e\udd47 Cocidas externa\/internamente proporcionando una mayor calidad.<\/p>\n<p>\ud83e\uddf6 Detalles bordados.<\/p>\n<p>\ud83d\udd25 Termicas en felpa de primera calidad.<\/p>\n","protected":false},"featured_media":1320,"template":"","meta":{"site-sidebar-layout":"default","site-content-layout":"","ast-site-content-layout":"default","site-content-style":"default","site-sidebar-style":"default","ast-global-header-display":"","ast-banner-title-visibility":"","ast-main-header-display":"","ast-hfb-above-header-display":"","ast-hfb-below-header-display":"","ast-hfb-mobile-header-display":"","site-post-title":"","ast-breadcrumbs-content":"","ast-featured-img":"","footer-sml-layout":"","ast-disable-related-posts":"","theme-transparent-header-meta":"default","adv-header-id-meta":"","stick-header-meta":"default","header-above-stick-meta":"","header-main-stick-meta":"","header-below-stick-meta":"","astra-migrate-meta-layouts":"set","ast-page-background-enabled":"default","ast-page-background-meta":{"desktop":{"background-color":"var(--ast-global-color-4)","background-image":"","background-repeat":"repeat","background-position":"center center","background-size":"auto","background-attachment":"scroll","background-type":"","background-media":"","overlay-type":"","overlay-color":"","overlay-opacity":"","overlay-gradient":""},"tablet":{"background-color":"","background-image":"","background-repeat":"repeat","background-position":"center center","background-size":"auto","background-attachment":"scroll","background-type":"","background-media":"","overlay-type":"","overlay-color":"","overlay-opacity":"","overlay-gradient":""},"mobile":{"background-color":"","background-image":"","background-repeat":"repeat","background-position":"center center","background-size":"auto","background-attachment":"scroll","background-type":"","background-media":"","overlay-type":"","overlay-color":"","overlay-opacity":"","overlay-gradient":""}},"ast-content-background-meta":{"desktop":{"background-color":"var(--ast-global-color-5)","background-image":"","background-repeat":"repeat","background-position":"center center","background-size":"auto","background-attachment":"scroll","background-type":"","background-media":"","overlay-type":"","overlay-color":"","overlay-opacity":"","overlay-gradient":""},"tablet":{"background-color":"var(--ast-global-color-5)","background-image":"","background-repeat":"repeat","background-position":"center center","background-size":"auto","background-attachment":"scroll","background-type":"","background-media":"","overlay-type":"","overlay-color":"","overlay-opacity":"","overlay-gradient":""},"mobile":{"background-color":"var(--ast-global-color-5)","background-image":"","background-repeat":"repeat","background-position":"center center","background-size":"auto","background-attachment":"scroll","background-type":"","background-media":"","overlay-type":"","overlay-color":"","overlay-opacity":"","overlay-gradient":""}}},"product_brand":[],"product_cat":[19],"product_tag":[],"class_list":{"0":"post-122","1":"product","2":"type-product","3":"status-publish","4":"has-post-thumbnail","6":"product_cat-pantuflas","7":"pa_color-naranja","8":"pa_color-lila","9":"pa_color-cafe","10":"pa_color-blanco","11":"pa_color-gris-azulado","12":"pa_color-rosado","13":"pa_talla-36-37","14":"pa_talla-38-39","15":"pa_talla-40-41","16":"desktop-align-left","17":"tablet-align-left","18":"mobile-align-left","19":"ast-product-gallery-layout-horizontal-slider","20":"ast-product-single-variable","21":"ast-product-tabs-layout-horizontal","23":"first","24":"instock","25":"featured","26":"shipping-taxable","27":"purchasable","28":"product-type-variable"},"jetpack_sharing_enabled":true,"_links":{"self":[{"href":"https:\/\/tutiendameraki.com\/index.php\/wp-json\/wp\/v2\/product\/122","targetHints":{"allow":["GET"]}}],"collection":[{"href":"https:\/\/tutiendameraki.com\/index.php\/wp-json\/wp\/v2\/product"}],"about":[{"href":"https:\/\/tutiendameraki.com\/index.php\/wp-json\/wp\/v2\/types\/product"}],"version-history":[{"count":22,"href":"https:\/\/tutiendameraki.com\/index.php\/wp-json\/wp\/v2\/product\/122\/revisions"}],"predecessor-version":[{"id":2438,"href":"https:\/\/tutiendameraki.com\/index.php\/wp-json\/wp\/v2\/product\/122\/revisions\/2438"}],"wp:featuredmedia":[{"embeddable":true,"href":"https:\/\/tutiendameraki.com\/index.php\/wp-json\/wp\/v2\/media\/1320"}],"wp:attachment":[{"href":"https:\/\/tutiendameraki.com\/index.php\/wp-json\/wp\/v2\/media?parent=122"}],"wp:term":[{"taxonomy":"product_brand","embeddable":true,"href":"https:\/\/tutiendameraki.com\/index.php\/wp-json\/wp\/v2\/product_brand?post=122"},{"taxonomy":"product_cat","embeddable":true,"href":"https:\/\/tutiendameraki.com\/index.php\/wp-json\/wp\/v2\/product_cat?post=122"},{"taxonomy":"product_tag","embeddable":true,"href":"https:\/\/tutiendameraki.com\/index.php\/wp-json\/wp\/v2\/product_tag?post=122"}],"curies":[{"name":"wp","href":"https:\/\/api.w.org\/{rel}","templated":true}]}}