{"id":200,"date":"2023-09-22T18:40:09","date_gmt":"2023-09-22T23:40:09","guid":{"rendered":"https:\/\/tutiendameraki.com\/?page_id=200"},"modified":"2024-02-01T17:36:52","modified_gmt":"2024-02-01T22:36:52","slug":"politica-de-cambios","status":"publish","type":"page","link":"https:\/\/tutiendameraki.com\/index.php\/politica-de-cambios\/","title":{"rendered":"Pol\u00edtica de cambios"},"content":{"rendered":"\t\t<div data-elementor-type=\"wp-page\" data-elementor-id=\"200\" class=\"elementor elementor-200\" data-elementor-post-type=\"page\">\n\t\t\t\t<div class=\"elementor-element elementor-element-16eece3 e-flex e-con-boxed e-con e-parent\" data-id=\"16eece3\" data-element_type=\"container\">\n\t\t\t\t\t<div class=\"e-con-inner\">\n\t\t\t\t<div class=\"elementor-element elementor-element-14ee6d9 elementor-widget elementor-widget-text-editor\" data-id=\"14ee6d9\" data-element_type=\"widget\" data-widget_type=\"text-editor.default\">\n\t\t\t\t<div class=\"elementor-widget-container\">\n\t\t\t\t\t\t\t\t\t<h2><strong>Pol\u00edtica de cambios.<\/strong><\/h2>\n<p><strong>\u00daltima actualizaci\u00f3n: 2023<\/strong><\/p>\n<p><strong>En Tu Tienda Meraki, nos esforzamos por proporcionar productos de alta calidad y brindar la mejor experiencia de compra a nuestros clientes. Si no est\u00e1 satisfecho con su compra, estamos aqu\u00ed para ayudar. Por favor, lea atentamente nuestra pol\u00edtica a continuaci\u00f3n:<\/strong><\/p>\n<h2><strong>Cambio de mercancia<\/strong><\/h2>\n<h2><strong>1. Plazo de cambio<\/strong><\/h2>\n<p><strong>Tiene un plazo hasta de 15 d\u00edas a partir de la fecha de recepci\u00f3n de su pedido para realizar un cambio.<\/strong><\/p>\n<h2><strong>2. Condiciones de cambio<\/strong><\/h2>\n<p><strong>Para ser elegible para un cambio, su art\u00edculo debe cumplir con las siguientes condiciones:<\/strong><\/p>\n<p><strong>Estar en su estado original, sin usar y sin da\u00f1os.<\/strong><\/p>\n<p><strong>Incluir todos los accesorios y etiquetas originales.<\/strong><\/p>\n<p><strong>Acompa\u00f1arse de la evidencia de compra.<\/strong><\/p><p><strong>El cliente debe asumir el costo de flete del cambio.<\/strong><\/p>\n<h2><strong>3.<\/strong><strong>&nbsp;Proceso de cambio<\/strong><\/h2>\n<p><strong>Para solicitar un cambio, siga estos pasos:<\/strong><\/p>\n<p><strong>Comun\u00edquese con nuestro equipo de atenci\u00f3n al cliente (+57 320 388 0422) para informar sobre su intenci\u00f3n de devolver un art\u00edculo y efectuar un cambio de mercancia.<\/strong><br><strong>Empaque el art\u00edculo de forma segura junto con la evidencia de compra (puede compartirse v\u00eda digital) para gestionar el cambio con nuestro equipo de atenci\u00f3n al cliente.<\/strong><\/p>\n<p><strong>El cambio ser\u00e1 efecuado por mercancia de igual o menor de valor de la compra, unicamente en las referencias disponibles.&nbsp;<\/strong><\/p>\n<p><strong>Si desea cambiar un art\u00edculo por otro, siga el proceso de devoluci\u00f3n y realice una nueva compra en nuestro Sitio.<\/strong><\/p>\n<h2><strong>4. Contacto<\/strong><\/h2>\n<p style=\"font-size: 16px; font-style: normal; font-weight: 400;\"><span style=\"font-weight: bold;\">Si tiene alguna pregunta o inquietud, comun\u00edquese con nosotros en:<\/span><\/p>\n<p style=\"font-size: 16px; font-style: normal; font-weight: 400;\"><span style=\"font-weight: bold;\">Tu Tienda Meraki<\/span><\/p>\n<p style=\"font-size: 16px; font-style: normal; font-weight: 400;\"><span style=\"font-weight: bold;\">+57 320 388 0422<\/span><\/p>\n<p style=\"font-size: 16px; font-style: normal; font-weight: 400;\"><span style=\"font-weight: bold;\">info@tutiendameraki.com<\/span><\/p>\n<p style=\"font-size: 16px; font-style: normal; font-weight: 400;\"><span style=\"font-weight: bold;\"><span style=\"color: var( --e-global-color-text ); text-align: var(--text-align); background-color: var(--ast-global-color-5);\">Fecha de vigencia: 2023<\/span><\/span><\/p>\n<p style=\"font-size: 16px; font-style: normal; font-weight: 400;\"><span style=\"font-weight: bold; color: var( --e-global-color-text ); font-family: var( --e-global-typography-text-font-family ), Sans-serif; font-style: inherit; text-align: var(--text-align); background-color: var(--ast-global-color-5);\">Nos reservamos el derecho de modificar esta pol\u00edtica de cambios en cualquier momento. Cualquier cambio significativo se comunicar\u00e1 en nuestro Sitio o por otros medios adecuados.<\/span><span style=\"font-weight: bold;\"><span style=\"color: var( --e-global-color-text ); text-align: var(--text-align); background-color: var(--ast-global-color-5);\"><br><\/span><\/span><\/p>\n<p style=\"font-size: 16px; font-style: normal; font-weight: 400;\"><span style=\"font-weight: bold;\">Gracias por utilizar&nbsp;<a href=\"https:\/\/tutiendameraki.com\/\">www.tutiendameraki.com<\/a><\/span><\/p>\t\t\t\t\t\t\t\t<\/div>\n\t\t\t\t<\/div>\n\t\t\t\t\t<\/div>\n\t\t\t\t<\/div>\n\t\t\t\t<\/div>\n\t\t","protected":false},"excerpt":{"rendered":"<p>Pol\u00edtica de cambios. \u00daltima actualizaci\u00f3n: 2023 En Tu Tienda Meraki, nos esforzamos por proporcionar productos de alta calidad y brindar la mejor experiencia de compra a nuestros clientes. Si no est\u00e1 satisfecho con su compra, estamos aqu\u00ed para ayudar. Por favor, lea atentamente nuestra pol\u00edtica a continuaci\u00f3n: Cambio de mercancia 1. Plazo de cambio Tiene [&hellip;]<\/p>\n","protected":false},"author":1,"featured_media":0,"parent":0,"menu_order":0,"comment_status":"closed","ping_status":"closed","template":"","meta":{"site-sidebar-layout":"no-sidebar","site-content-layout":"","ast-site-content-layout":"full-width-container","site-content-style":"default","site-sidebar-style":"default","ast-global-header-display":"","ast-banner-title-visibility":"","ast-main-header-display":"","ast-hfb-above-header-display":"","ast-hfb-below-header-display":"","ast-hfb-mobile-header-display":"","site-post-title":"disabled","ast-breadcrumbs-content":"","ast-featured-img":"disabled","footer-sml-layout":"","ast-disable-related-posts":"","theme-transparent-header-meta":"","adv-header-id-meta":"","stick-header-meta":"","header-above-stick-meta":"","header-main-stick-meta":"","header-below-stick-meta":"","astra-migrate-meta-layouts":"","ast-page-background-enabled":"default","ast-page-background-meta":{"desktop":{"background-color":"var(--ast-global-color-4)","background-image":"","background-repeat":"repeat","background-position":"center center","background-size":"auto","background-attachment":"scroll","background-type":"","background-media":"","overlay-type":"","overlay-color":"","overlay-opacity":"","overlay-gradient":""},"tablet":{"background-color":"","background-image":"","background-repeat":"repeat","background-position":"center center","background-size":"auto","background-attachment":"scroll","background-type":"","background-media":"","overlay-type":"","overlay-color":"","overlay-opacity":"","overlay-gradient":""},"mobile":{"background-color":"","background-image":"","background-repeat":"repeat","background-position":"center center","background-size":"auto","background-attachment":"scroll","background-type":"","background-media":"","overlay-type":"","overlay-color":"","overlay-opacity":"","overlay-gradient":""}},"ast-content-background-meta":{"desktop":{"background-color":"var(--ast-global-color-5)","background-image":"","background-repeat":"repeat","background-position":"center center","background-size":"auto","background-attachment":"scroll","background-type":"","background-media":"","overlay-type":"","overlay-color":"","overlay-opacity":"","overlay-gradient":""},"tablet":{"background-color":"var(--ast-global-color-5)","background-image":"","background-repeat":"repeat","background-position":"center center","background-size":"auto","background-attachment":"scroll","background-type":"","background-media":"","overlay-type":"","overlay-color":"","overlay-opacity":"","overlay-gradient":""},"mobile":{"background-color":"var(--ast-global-color-5)","background-image":"","background-repeat":"repeat","background-position":"center center","background-size":"auto","background-attachment":"scroll","background-type":"","background-media":"","overlay-type":"","overlay-color":"","overlay-opacity":"","overlay-gradient":""}},"footnotes":""},"class_list":["post-200","page","type-page","status-publish","hentry"],"jetpack_sharing_enabled":true,"_links":{"self":[{"href":"https:\/\/tutiendameraki.com\/index.php\/wp-json\/wp\/v2\/pages\/200","targetHints":{"allow":["GET"]}}],"collection":[{"href":"https:\/\/tutiendameraki.com\/index.php\/wp-json\/wp\/v2\/pages"}],"about":[{"href":"https:\/\/tutiendameraki.com\/index.php\/wp-json\/wp\/v2\/types\/page"}],"author":[{"embeddable":true,"href":"https:\/\/tutiendameraki.com\/index.php\/wp-json\/wp\/v2\/users\/1"}],"replies":[{"embeddable":true,"href":"https:\/\/tutiendameraki.com\/index.php\/wp-json\/wp\/v2\/comments?post=200"}],"version-history":[{"count":30,"href":"https:\/\/tutiendameraki.com\/index.php\/wp-json\/wp\/v2\/pages\/200\/revisions"}],"predecessor-version":[{"id":2495,"href":"https:\/\/tutiendameraki.com\/index.php\/wp-json\/wp\/v2\/pages\/200\/revisions\/2495"}],"wp:attachment":[{"href":"https:\/\/tutiendameraki.com\/index.php\/wp-json\/wp\/v2\/media?parent=200"}],"curies":[{"name":"wp","href":"https:\/\/api.w.org\/{rel}","templated":true}]}}